{"id":2394,"date":"2014-09-25T11:08:41","date_gmt":"2014-09-25T10:08:41","guid":{"rendered":"http:\/\/www.xoeditions.com\/mentions-legales-2\/"},"modified":"2018-06-07T10:43:41","modified_gmt":"2018-06-07T10:43:41","slug":"mentions-legales","status":"publish","type":"page","link":"https:\/\/xoeditions.xoeditions-vt-prod-lamp01.dcsrv.eu\/en\/mentions-legales\/","title":{"rendered":"Legal Notice"},"content":{"rendered":"<p style=\"text-align: justify;\">You are currently browsing the website of the publishing house XO \u00c9ditions, through the address <a href=\"http:\/\/www.xoeditions.com\/en\/\">www.xoeditions.com<\/a>.<\/p>\n<p style=\"text-align: justify;\"><strong>ABOUT US<\/strong><br \/>\nThis website is owned and operated by <strong>XO \u00c9ditions<br \/>\n<\/strong>A limited company (soci\u00e9t\u00e9\u00a0anonyme) capitalised at 160 000 \u20ac<br \/>\nRegistered with the Trade and Companies Register of Paris number\u00a0B 423 177 054<br \/>\nVAT number FR 24 423 177 054<br \/>\nOur registered office is located at: Tour Maine Montparnasse, 33 avenue du Maine BP 142, 75755 Paris cedex 15, France.<br \/>\nOur phone number is: +33 1 56 80 26 80<br \/>\n<a href=\"mailto:xoeditions@xoeditions.com\">xoeditions@xoeditions.com<\/a><\/p>\n<p style=\"text-align: justify;\"><strong>PUBLISHING DIRECTOR<\/strong><br \/>\nEdith Leblond<\/p>\n<p style=\"text-align: justify;\"><strong>HOSTING<\/strong><br \/>\nThis website is hosted by\u00a0<a href=\"http:\/\/www.pimentech.fr\/\" target=\"_blank\" rel=\"noopener\">PimenTech<\/a>.<br \/>\nAddress:\u00a07 bis rue de Lesseps, 75020 PARIS<br \/>\nPhone number: +33 950 75 93 39<br \/>\n<a class=\"link-black\" href=\"mailto:info@pimentech.net\">info@pimentech.net<\/a><\/p>\n<p style=\"text-align: justify;\"><strong>CREDITS<\/strong><br \/>\nThis website was designed and developped by\u00a0<a href=\"http:\/\/www.clair-et-net.com\/\" target=\"_blank\" rel=\"noopener\">Clair et Net.<\/a><br \/>\nAddress: 7, rue Sainte-F\u00e9licit\u00e9, 75015 Paris<br \/>\nPhone number: 01\u00a056 56 09 09<br \/>\n<a href=\"mailto:info@clair-et-net.com\" target=\"_blank\" rel=\"noopener\">info@clair-et-net.com<\/a><\/p>\n<p style=\"text-align: justify;\"><strong>PRIVACY POLICY<br \/>\n<\/strong><a href=\"http:\/\/www.xoeditions.com\/en\/privacy-policy\/\" rel=\"noopener\">Please read our Privacy Policy here<\/a>.<\/p>\n<p style=\"text-align: justify;\"><em>Thank you for visiting our website!<\/em><\/p>\n","protected":false},"excerpt":{"rendered":"<p>You are currently browsing the website of the publishing house XO \u00c9ditions, through the address www.xoeditions.com. ABOUT US This website is owned and operated by XO \u00c9ditions A limited company (soci\u00e9t\u00e9\u00a0anonyme) capitalised at 160 000 \u20ac Registered with the Trade and Companies Register of Paris number\u00a0B 423 177 054 VAT [&hellip;]<\/p>\n","protected":false},"author":2,"featured_media":4143,"parent":0,"menu_order":0,"comment_status":"open","ping_status":"open","template":"","meta":{"footnotes":""},"class_list":["post-2394","page","type-page","status-publish","has-post-thumbnail","hentry"],"yoast_head":"<!-- This site is optimized with the Yoast SEO plugin v27.2 - https:\/\/yoast.com\/product\/yoast-seo-wordpress\/ -->\n<title>Legal Notice - XO Editions<\/title>\n<meta name=\"robots\" content=\"index, follow, max-snippet:-1, max-image-preview:large, max-video-preview:-1\" \/>\n<link rel=\"canonical\" href=\"https:\/\/www.xoeditions.com\/en\/mentions-legales\/\" \/>\n<meta property=\"og:locale\" content=\"en_US\" \/>\n<meta property=\"og:type\" content=\"article\" \/>\n<meta property=\"og:title\" content=\"Legal Notice - XO Editions\" \/>\n<meta property=\"og:description\" content=\"You are currently browsing the website of the publishing house XO \u00c9ditions, through the address www.xoeditions.com. ABOUT US This website is owned and operated by XO \u00c9ditions A limited company (soci\u00e9t\u00e9\u00a0anonyme) capitalised at 160 000 \u20ac Registered with the Trade and Companies Register of Paris number\u00a0B 423 177 054 VAT [&hellip;]\" \/>\n<meta property=\"og:url\" content=\"https:\/\/www.xoeditions.com\/en\/mentions-legales\/\" \/>\n<meta property=\"og:site_name\" content=\"XO Editions\" \/>\n<meta property=\"article:publisher\" content=\"https:\/\/www.facebook.com\/xoeditions\" \/>\n<meta property=\"article:modified_time\" content=\"2018-06-07T10:43:41+00:00\" \/>\n<meta property=\"og:image\" content=\"https:\/\/www.xoeditions.com\/wp-content\/uploads\/2016\/10\/XO-logo-calameo.png\" \/>\n\t<meta property=\"og:image:width\" content=\"160\" \/>\n\t<meta property=\"og:image:height\" content=\"45\" \/>\n\t<meta property=\"og:image:type\" content=\"image\/png\" \/>\n<meta name=\"twitter:card\" content=\"summary_large_image\" \/>\n<meta name=\"twitter:site\" content=\"@XOeditions\" \/>\n<meta name=\"twitter:label1\" content=\"Est. reading time\" \/>\n\t<meta name=\"twitter:data1\" content=\"1 minute\" \/>\n<script type=\"application\/ld+json\" class=\"yoast-schema-graph\">{\"@context\":\"https:\/\/schema.org\",\"@graph\":[{\"@type\":\"WebPage\",\"@id\":\"https:\/\/www.xoeditions.com\/en\/mentions-legales\/\",\"url\":\"https:\/\/www.xoeditions.com\/en\/mentions-legales\/\",\"name\":\"Legal Notice - XO Editions\",\"isPartOf\":{\"@id\":\"https:\/\/www.xoeditions.com\/en\/#website\"},\"primaryImageOfPage\":{\"@id\":\"https:\/\/www.xoeditions.com\/en\/mentions-legales\/#primaryimage\"},\"image\":{\"@id\":\"https:\/\/www.xoeditions.com\/en\/mentions-legales\/#primaryimage\"},\"thumbnailUrl\":\"https:\/\/xoeditions.xoeditions-vt-prod-lamp01.dcsrv.eu\/wp-content\/uploads\/2016\/10\/XO-logo-calameo.png\",\"datePublished\":\"2014-09-25T10:08:41+00:00\",\"dateModified\":\"2018-06-07T10:43:41+00:00\",\"breadcrumb\":{\"@id\":\"https:\/\/www.xoeditions.com\/en\/mentions-legales\/#breadcrumb\"},\"inLanguage\":\"en-US\",\"potentialAction\":[{\"@type\":\"ReadAction\",\"target\":[\"https:\/\/www.xoeditions.com\/en\/mentions-legales\/\"]}]},{\"@type\":\"ImageObject\",\"inLanguage\":\"en-US\",\"@id\":\"https:\/\/www.xoeditions.com\/en\/mentions-legales\/#primaryimage\",\"url\":\"https:\/\/xoeditions.xoeditions-vt-prod-lamp01.dcsrv.eu\/wp-content\/uploads\/2016\/10\/XO-logo-calameo.png\",\"contentUrl\":\"https:\/\/xoeditions.xoeditions-vt-prod-lamp01.dcsrv.eu\/wp-content\/uploads\/2016\/10\/XO-logo-calameo.png\",\"width\":160,\"height\":45},{\"@type\":\"BreadcrumbList\",\"@id\":\"https:\/\/www.xoeditions.com\/en\/mentions-legales\/#breadcrumb\",\"itemListElement\":[{\"@type\":\"ListItem\",\"position\":1,\"name\":\"Accueil\",\"item\":\"https:\/\/www.xoeditions.com\/en\/\"},{\"@type\":\"ListItem\",\"position\":2,\"name\":\"Legal Notice\"}]},{\"@type\":\"WebSite\",\"@id\":\"https:\/\/www.xoeditions.com\/en\/#website\",\"url\":\"https:\/\/www.xoeditions.com\/en\/\",\"name\":\"XO Editions\",\"description\":\"Maison d&#039;\u00e9dition\",\"publisher\":{\"@id\":\"https:\/\/www.xoeditions.com\/en\/#organization\"},\"potentialAction\":[{\"@type\":\"SearchAction\",\"target\":{\"@type\":\"EntryPoint\",\"urlTemplate\":\"https:\/\/www.xoeditions.com\/en\/?s={search_term_string}\"},\"query-input\":{\"@type\":\"PropertyValueSpecification\",\"valueRequired\":true,\"valueName\":\"search_term_string\"}}],\"inLanguage\":\"en-US\"},{\"@type\":\"Organization\",\"@id\":\"https:\/\/www.xoeditions.com\/en\/#organization\",\"name\":\"XO Editions\",\"url\":\"https:\/\/www.xoeditions.com\/en\/\",\"logo\":{\"@type\":\"ImageObject\",\"inLanguage\":\"en-US\",\"@id\":\"https:\/\/www.xoeditions.com\/en\/#\/schema\/logo\/image\/\",\"url\":\"https:\/\/www.xoeditions.com\/wp-content\/uploads\/2016\/10\/XO-logo-calameo.png\",\"contentUrl\":\"https:\/\/www.xoeditions.com\/wp-content\/uploads\/2016\/10\/XO-logo-calameo.png\",\"width\":160,\"height\":45,\"caption\":\"XO Editions\"},\"image\":{\"@id\":\"https:\/\/www.xoeditions.com\/en\/#\/schema\/logo\/image\/\"},\"sameAs\":[\"https:\/\/www.facebook.com\/xoeditions\",\"https:\/\/x.com\/XOeditions\"]}]}<\/script>\n<!-- \/ Yoast SEO plugin. -->","yoast_head_json":{"title":"Legal Notice - XO Editions","robots":{"index":"index","follow":"follow","max-snippet":"max-snippet:-1","max-image-preview":"max-image-preview:large","max-video-preview":"max-video-preview:-1"},"canonical":"https:\/\/www.xoeditions.com\/en\/mentions-legales\/","og_locale":"en_US","og_type":"article","og_title":"Legal Notice - XO Editions","og_description":"You are currently browsing the website of the publishing house XO \u00c9ditions, through the address www.xoeditions.com. ABOUT US This website is owned and operated by XO \u00c9ditions A limited company (soci\u00e9t\u00e9\u00a0anonyme) capitalised at 160 000 \u20ac Registered with the Trade and Companies Register of Paris number\u00a0B 423 177 054 VAT [&hellip;]","og_url":"https:\/\/www.xoeditions.com\/en\/mentions-legales\/","og_site_name":"XO Editions","article_publisher":"https:\/\/www.facebook.com\/xoeditions","article_modified_time":"2018-06-07T10:43:41+00:00","og_image":[{"width":160,"height":45,"url":"https:\/\/www.xoeditions.com\/wp-content\/uploads\/2016\/10\/XO-logo-calameo.png","type":"image\/png"}],"twitter_card":"summary_large_image","twitter_site":"@XOeditions","twitter_misc":{"Est. reading time":"1 minute"},"schema":{"@context":"https:\/\/schema.org","@graph":[{"@type":"WebPage","@id":"https:\/\/www.xoeditions.com\/en\/mentions-legales\/","url":"https:\/\/www.xoeditions.com\/en\/mentions-legales\/","name":"Legal Notice - XO Editions","isPartOf":{"@id":"https:\/\/www.xoeditions.com\/en\/#website"},"primaryImageOfPage":{"@id":"https:\/\/www.xoeditions.com\/en\/mentions-legales\/#primaryimage"},"image":{"@id":"https:\/\/www.xoeditions.com\/en\/mentions-legales\/#primaryimage"},"thumbnailUrl":"https:\/\/xoeditions.xoeditions-vt-prod-lamp01.dcsrv.eu\/wp-content\/uploads\/2016\/10\/XO-logo-calameo.png","datePublished":"2014-09-25T10:08:41+00:00","dateModified":"2018-06-07T10:43:41+00:00","breadcrumb":{"@id":"https:\/\/www.xoeditions.com\/en\/mentions-legales\/#breadcrumb"},"inLanguage":"en-US","potentialAction":[{"@type":"ReadAction","target":["https:\/\/www.xoeditions.com\/en\/mentions-legales\/"]}]},{"@type":"ImageObject","inLanguage":"en-US","@id":"https:\/\/www.xoeditions.com\/en\/mentions-legales\/#primaryimage","url":"https:\/\/xoeditions.xoeditions-vt-prod-lamp01.dcsrv.eu\/wp-content\/uploads\/2016\/10\/XO-logo-calameo.png","contentUrl":"https:\/\/xoeditions.xoeditions-vt-prod-lamp01.dcsrv.eu\/wp-content\/uploads\/2016\/10\/XO-logo-calameo.png","width":160,"height":45},{"@type":"BreadcrumbList","@id":"https:\/\/www.xoeditions.com\/en\/mentions-legales\/#breadcrumb","itemListElement":[{"@type":"ListItem","position":1,"name":"Accueil","item":"https:\/\/www.xoeditions.com\/en\/"},{"@type":"ListItem","position":2,"name":"Legal Notice"}]},{"@type":"WebSite","@id":"https:\/\/www.xoeditions.com\/en\/#website","url":"https:\/\/www.xoeditions.com\/en\/","name":"XO Editions","description":"Maison d&#039;\u00e9dition","publisher":{"@id":"https:\/\/www.xoeditions.com\/en\/#organization"},"potentialAction":[{"@type":"SearchAction","target":{"@type":"EntryPoint","urlTemplate":"https:\/\/www.xoeditions.com\/en\/?s={search_term_string}"},"query-input":{"@type":"PropertyValueSpecification","valueRequired":true,"valueName":"search_term_string"}}],"inLanguage":"en-US"},{"@type":"Organization","@id":"https:\/\/www.xoeditions.com\/en\/#organization","name":"XO Editions","url":"https:\/\/www.xoeditions.com\/en\/","logo":{"@type":"ImageObject","inLanguage":"en-US","@id":"https:\/\/www.xoeditions.com\/en\/#\/schema\/logo\/image\/","url":"https:\/\/www.xoeditions.com\/wp-content\/uploads\/2016\/10\/XO-logo-calameo.png","contentUrl":"https:\/\/www.xoeditions.com\/wp-content\/uploads\/2016\/10\/XO-logo-calameo.png","width":160,"height":45,"caption":"XO Editions"},"image":{"@id":"https:\/\/www.xoeditions.com\/en\/#\/schema\/logo\/image\/"},"sameAs":["https:\/\/www.facebook.com\/xoeditions","https:\/\/x.com\/XOeditions"]}]}},"_links":{"self":[{"href":"https:\/\/xoeditions.xoeditions-vt-prod-lamp01.dcsrv.eu\/en\/wp-json\/wp\/v2\/pages\/2394","targetHints":{"allow":["GET"]}}],"collection":[{"href":"https:\/\/xoeditions.xoeditions-vt-prod-lamp01.dcsrv.eu\/en\/wp-json\/wp\/v2\/pages"}],"about":[{"href":"https:\/\/xoeditions.xoeditions-vt-prod-lamp01.dcsrv.eu\/en\/wp-json\/wp\/v2\/types\/page"}],"author":[{"embeddable":true,"href":"https:\/\/xoeditions.xoeditions-vt-prod-lamp01.dcsrv.eu\/en\/wp-json\/wp\/v2\/users\/2"}],"replies":[{"embeddable":true,"href":"https:\/\/xoeditions.xoeditions-vt-prod-lamp01.dcsrv.eu\/en\/wp-json\/wp\/v2\/comments?post=2394"}],"version-history":[{"count":14,"href":"https:\/\/xoeditions.xoeditions-vt-prod-lamp01.dcsrv.eu\/en\/wp-json\/wp\/v2\/pages\/2394\/revisions"}],"predecessor-version":[{"id":5218,"href":"https:\/\/xoeditions.xoeditions-vt-prod-lamp01.dcsrv.eu\/en\/wp-json\/wp\/v2\/pages\/2394\/revisions\/5218"}],"wp:featuredmedia":[{"embeddable":true,"href":"https:\/\/xoeditions.xoeditions-vt-prod-lamp01.dcsrv.eu\/en\/wp-json\/wp\/v2\/media\/4143"}],"wp:attachment":[{"href":"https:\/\/xoeditions.xoeditions-vt-prod-lamp01.dcsrv.eu\/en\/wp-json\/wp\/v2\/media?parent=2394"}],"curies":[{"name":"wp","href":"https:\/\/api.w.org\/{rel}","templated":true}]}}